{"id":8,"date":"2018-10-14T01:35:38","date_gmt":"2018-10-14T04:35:38","guid":{"rendered":"https:\/\/taxiaracatuba.com.br\/home\/?page_id=8"},"modified":"2024-05-10T16:43:54","modified_gmt":"2024-05-11T00:43:54","slug":"aracatuba","status":"publish","type":"page","link":"https:\/\/taxiaracatuba.com.br\/home\/aracatuba\/","title":{"rendered":"Ara\u00e7atuba"},"content":{"rendered":"<h1>Ara\u00e7atuba cidade amiga<\/h1>\n<p>\t\t<iframe title=\"Tour virtual pelo shopping Pra\u00e7a Nova Ara\u00e7atuba\" width=\"1200\" height=\"675\" src=\"https:\/\/www.youtube.com\/embed\/xwKOM8f0jqg?feature=oembed\" frameborder=\"0\" allow=\"accelerometer; autoplay; clipboard-write; encrypted-media; gyroscope; picture-in-picture; web-share\" referrerpolicy=\"strict-origin-when-cross-origin\" allowfullscreen><\/iframe><br \/>\n\t\t\t\t\t\t\t\t\t\t\t<a href=\"https:\/\/goo.gl\/photos\/N7gY6uAdb6rtZjMu7\" data-elementor-open-lightbox=\"\"><br \/>\n\t\t\t\t\t\t\t<img fetchpriority=\"high\" decoding=\"async\" width=\"600\" height=\"450\" src=\"https:\/\/taxiaracatuba.com.br\/home\/wp-content\/uploads\/2018\/10\/a-600x450-49.jpg\" alt=\"\" srcset=\"https:\/\/taxiaracatuba.com.br\/home\/wp-content\/uploads\/2018\/10\/a-600x450-49.jpg 600w, https:\/\/taxiaracatuba.com.br\/home\/wp-content\/uploads\/2018\/10\/a-600x450-49-300x225.jpg 300w\" sizes=\"(max-width: 600px) 100vw, 600px\" \/>\t\t\t\t\t\t\t\t<\/a><\/p>\n<h2>Fotos de Ara\u00e7atuba<\/h2>\n","protected":false},"excerpt":{"rendered":"<p>Ara\u00e7atuba cidade amiga Fotos de Ara\u00e7atuba<\/p>\n","protected":false},"author":1,"featured_media":0,"parent":0,"menu_order":0,"comment_status":"closed","ping_status":"closed","template":"elementor_header_footer","meta":{"footnotes":""},"class_list":["post-8","page","type-page","status-publish"],"yoast_head":"<!-- This site is optimized with the Yoast SEO plugin v27.2 - https:\/\/yoast.com\/product\/yoast-seo-wordpress\/ -->\n<title>T\u00e1xi Ara\u00e7atuba - (18) 99660-4690 Metadescri\u00e7\u00e3o<\/title>\n<meta name=\"description\" content=\"Vivo (18) 99660-4690 - Claro (18) 99174-1375 - Oi (18) 98803-0146 - Tim (18) 98138-2546 - Servi\u00e7o de T\u00e1xi para Ara\u00e7atuba e toda Regi\u00e3o, seguran\u00e7a, confian\u00e7a, pontualidade, pre\u00e7o honesto. Fa\u00e7a contato agora mesmo para agendar sua viagem\" \/>\n<meta name=\"robots\" content=\"index, follow, max-snippet:-1, max-image-preview:large, max-video-preview:-1\" \/>\n<link rel=\"canonical\" href=\"https:\/\/taxiaracatuba.com.br\/home\/aracatuba\/\" \/>\n<meta property=\"og:locale\" content=\"pt_BR\" \/>\n<meta property=\"og:type\" content=\"article\" \/>\n<meta property=\"og:title\" content=\"T\u00e1xi Ara\u00e7atuba - (18) 99660-4690 Metadescri\u00e7\u00e3o\" \/>\n<meta property=\"og:description\" content=\"Vivo (18) 99660-4690 - Claro (18) 99174-1375 - Oi (18) 98803-0146 - Tim (18) 98138-2546 - Servi\u00e7o de T\u00e1xi para Ara\u00e7atuba e toda Regi\u00e3o, seguran\u00e7a, confian\u00e7a, pontualidade, pre\u00e7o honesto. Fa\u00e7a contato agora mesmo para agendar sua viagem\" \/>\n<meta property=\"og:url\" content=\"https:\/\/taxiaracatuba.com.br\/home\/aracatuba\/\" \/>\n<meta property=\"og:site_name\" content=\"T\u00e1xi Ara\u00e7atuba - (18) 99660-4690\" \/>\n<meta property=\"article:publisher\" content=\"https:\/\/www.facebook.com\/taxiaracatuba\/\" \/>\n<meta property=\"article:modified_time\" content=\"2024-05-11T00:43:54+00:00\" \/>\n<meta property=\"og:image\" content=\"https:\/\/taxiaracatuba.com.br\/home\/wp-content\/uploads\/2018\/10\/a-600x450-49.jpg\" \/>\n<meta name=\"twitter:card\" content=\"summary_large_image\" \/>\n<meta name=\"twitter:label1\" content=\"Est. tempo de leitura\" \/>\n\t<meta name=\"twitter:data1\" content=\"1 minuto\" \/>\n<script type=\"application\/ld+json\" class=\"yoast-schema-graph\">{\"@context\":\"https:\/\/schema.org\",\"@graph\":[{\"@type\":\"WebPage\",\"@id\":\"https:\/\/taxiaracatuba.com.br\/home\/aracatuba\/\",\"url\":\"https:\/\/taxiaracatuba.com.br\/home\/aracatuba\/\",\"name\":\"T\u00e1xi Ara\u00e7atuba - (18) 99660-4690 Metadescri\u00e7\u00e3o\",\"isPartOf\":{\"@id\":\"https:\/\/taxiaracatuba.com.br\/home\/#website\"},\"primaryImageOfPage\":{\"@id\":\"https:\/\/taxiaracatuba.com.br\/home\/aracatuba\/#primaryimage\"},\"image\":{\"@id\":\"https:\/\/taxiaracatuba.com.br\/home\/aracatuba\/#primaryimage\"},\"thumbnailUrl\":\"https:\/\/taxiaracatuba.com.br\/home\/wp-content\/uploads\/2018\/10\/a-600x450-49.jpg\",\"datePublished\":\"2018-10-14T04:35:38+00:00\",\"dateModified\":\"2024-05-11T00:43:54+00:00\",\"description\":\"Vivo (18) 99660-4690 - Claro (18) 99174-1375 - Oi (18) 98803-0146 - Tim (18) 98138-2546 - Servi\u00e7o de T\u00e1xi para Ara\u00e7atuba e toda Regi\u00e3o, seguran\u00e7a, confian\u00e7a, pontualidade, pre\u00e7o honesto. Fa\u00e7a contato agora mesmo para agendar sua viagem\",\"breadcrumb\":{\"@id\":\"https:\/\/taxiaracatuba.com.br\/home\/aracatuba\/#breadcrumb\"},\"inLanguage\":\"pt-BR\",\"potentialAction\":[{\"@type\":\"ReadAction\",\"target\":[\"https:\/\/taxiaracatuba.com.br\/home\/aracatuba\/\"]}]},{\"@type\":\"ImageObject\",\"inLanguage\":\"pt-BR\",\"@id\":\"https:\/\/taxiaracatuba.com.br\/home\/aracatuba\/#primaryimage\",\"url\":\"https:\/\/taxiaracatuba.com.br\/home\/wp-content\/uploads\/2018\/10\/a-600x450-49.jpg\",\"contentUrl\":\"https:\/\/taxiaracatuba.com.br\/home\/wp-content\/uploads\/2018\/10\/a-600x450-49.jpg\",\"width\":600,\"height\":450},{\"@type\":\"BreadcrumbList\",\"@id\":\"https:\/\/taxiaracatuba.com.br\/home\/aracatuba\/#breadcrumb\",\"itemListElement\":[{\"@type\":\"ListItem\",\"position\":1,\"name\":\"In\u00edcio\",\"item\":\"https:\/\/taxiaracatuba.com.br\/home\/\"},{\"@type\":\"ListItem\",\"position\":2,\"name\":\"Ara\u00e7atuba\"}]},{\"@type\":\"WebSite\",\"@id\":\"https:\/\/taxiaracatuba.com.br\/home\/#website\",\"url\":\"https:\/\/taxiaracatuba.com.br\/home\/\",\"name\":\"T\u00e1xi Ara\u00e7atuba | R\u00e1pido e Seguro | Claudinei Fazani\",\"description\":\"T\u00e1xi Claudinei Fazani\",\"publisher\":{\"@id\":\"https:\/\/taxiaracatuba.com.br\/home\/#organization\"},\"potentialAction\":[{\"@type\":\"SearchAction\",\"target\":{\"@type\":\"EntryPoint\",\"urlTemplate\":\"https:\/\/taxiaracatuba.com.br\/home\/?s={search_term_string}\"},\"query-input\":{\"@type\":\"PropertyValueSpecification\",\"valueRequired\":true,\"valueName\":\"search_term_string\"}}],\"inLanguage\":\"pt-BR\"},{\"@type\":\"Organization\",\"@id\":\"https:\/\/taxiaracatuba.com.br\/home\/#organization\",\"name\":\"T\u00e1xi Ara\u00e7atuba\",\"url\":\"https:\/\/taxiaracatuba.com.br\/home\/\",\"logo\":{\"@type\":\"ImageObject\",\"inLanguage\":\"pt-BR\",\"@id\":\"https:\/\/taxiaracatuba.com.br\/home\/#\/schema\/logo\/image\/\",\"url\":\"https:\/\/taxiaracatuba.com.br\/home\/wp-content\/uploads\/2018\/10\/image-1400x784-78.jpg\",\"contentUrl\":\"https:\/\/taxiaracatuba.com.br\/home\/wp-content\/uploads\/2018\/10\/image-1400x784-78.jpg\",\"width\":1400,\"height\":784,\"caption\":\"T\u00e1xi Ara\u00e7atuba\"},\"image\":{\"@id\":\"https:\/\/taxiaracatuba.com.br\/home\/#\/schema\/logo\/image\/\"},\"sameAs\":[\"https:\/\/www.facebook.com\/taxiaracatuba\/\",\"https:\/\/www.youtube.com\/channel\/UCDM3TN2Iyt-CNuN3Gsw_Usw\"]}]}<\/script>\n<!-- \/ Yoast SEO plugin. -->","yoast_head_json":{"title":"T\u00e1xi Ara\u00e7atuba - (18) 99660-4690 Metadescri\u00e7\u00e3o","description":"Vivo (18) 99660-4690 - Claro (18) 99174-1375 - Oi (18) 98803-0146 - Tim (18) 98138-2546 - Servi\u00e7o de T\u00e1xi para Ara\u00e7atuba e toda Regi\u00e3o, seguran\u00e7a, confian\u00e7a, pontualidade, pre\u00e7o honesto. Fa\u00e7a contato agora mesmo para agendar sua viagem","robots":{"index":"index","follow":"follow","max-snippet":"max-snippet:-1","max-image-preview":"max-image-preview:large","max-video-preview":"max-video-preview:-1"},"canonical":"https:\/\/taxiaracatuba.com.br\/home\/aracatuba\/","og_locale":"pt_BR","og_type":"article","og_title":"T\u00e1xi Ara\u00e7atuba - (18) 99660-4690 Metadescri\u00e7\u00e3o","og_description":"Vivo (18) 99660-4690 - Claro (18) 99174-1375 - Oi (18) 98803-0146 - Tim (18) 98138-2546 - Servi\u00e7o de T\u00e1xi para Ara\u00e7atuba e toda Regi\u00e3o, seguran\u00e7a, confian\u00e7a, pontualidade, pre\u00e7o honesto. Fa\u00e7a contato agora mesmo para agendar sua viagem","og_url":"https:\/\/taxiaracatuba.com.br\/home\/aracatuba\/","og_site_name":"T\u00e1xi Ara\u00e7atuba - (18) 99660-4690","article_publisher":"https:\/\/www.facebook.com\/taxiaracatuba\/","article_modified_time":"2024-05-11T00:43:54+00:00","og_image":[{"url":"https:\/\/taxiaracatuba.com.br\/home\/wp-content\/uploads\/2018\/10\/a-600x450-49.jpg","type":"","width":"","height":""}],"twitter_card":"summary_large_image","twitter_misc":{"Est. tempo de leitura":"1 minuto"},"schema":{"@context":"https:\/\/schema.org","@graph":[{"@type":"WebPage","@id":"https:\/\/taxiaracatuba.com.br\/home\/aracatuba\/","url":"https:\/\/taxiaracatuba.com.br\/home\/aracatuba\/","name":"T\u00e1xi Ara\u00e7atuba - (18) 99660-4690 Metadescri\u00e7\u00e3o","isPartOf":{"@id":"https:\/\/taxiaracatuba.com.br\/home\/#website"},"primaryImageOfPage":{"@id":"https:\/\/taxiaracatuba.com.br\/home\/aracatuba\/#primaryimage"},"image":{"@id":"https:\/\/taxiaracatuba.com.br\/home\/aracatuba\/#primaryimage"},"thumbnailUrl":"https:\/\/taxiaracatuba.com.br\/home\/wp-content\/uploads\/2018\/10\/a-600x450-49.jpg","datePublished":"2018-10-14T04:35:38+00:00","dateModified":"2024-05-11T00:43:54+00:00","description":"Vivo (18) 99660-4690 - Claro (18) 99174-1375 - Oi (18) 98803-0146 - Tim (18) 98138-2546 - Servi\u00e7o de T\u00e1xi para Ara\u00e7atuba e toda Regi\u00e3o, seguran\u00e7a, confian\u00e7a, pontualidade, pre\u00e7o honesto. Fa\u00e7a contato agora mesmo para agendar sua viagem","breadcrumb":{"@id":"https:\/\/taxiaracatuba.com.br\/home\/aracatuba\/#breadcrumb"},"inLanguage":"pt-BR","potentialAction":[{"@type":"ReadAction","target":["https:\/\/taxiaracatuba.com.br\/home\/aracatuba\/"]}]},{"@type":"ImageObject","inLanguage":"pt-BR","@id":"https:\/\/taxiaracatuba.com.br\/home\/aracatuba\/#primaryimage","url":"https:\/\/taxiaracatuba.com.br\/home\/wp-content\/uploads\/2018\/10\/a-600x450-49.jpg","contentUrl":"https:\/\/taxiaracatuba.com.br\/home\/wp-content\/uploads\/2018\/10\/a-600x450-49.jpg","width":600,"height":450},{"@type":"BreadcrumbList","@id":"https:\/\/taxiaracatuba.com.br\/home\/aracatuba\/#breadcrumb","itemListElement":[{"@type":"ListItem","position":1,"name":"In\u00edcio","item":"https:\/\/taxiaracatuba.com.br\/home\/"},{"@type":"ListItem","position":2,"name":"Ara\u00e7atuba"}]},{"@type":"WebSite","@id":"https:\/\/taxiaracatuba.com.br\/home\/#website","url":"https:\/\/taxiaracatuba.com.br\/home\/","name":"T\u00e1xi Ara\u00e7atuba | R\u00e1pido e Seguro | Claudinei Fazani","description":"T\u00e1xi Claudinei Fazani","publisher":{"@id":"https:\/\/taxiaracatuba.com.br\/home\/#organization"},"potentialAction":[{"@type":"SearchAction","target":{"@type":"EntryPoint","urlTemplate":"https:\/\/taxiaracatuba.com.br\/home\/?s={search_term_string}"},"query-input":{"@type":"PropertyValueSpecification","valueRequired":true,"valueName":"search_term_string"}}],"inLanguage":"pt-BR"},{"@type":"Organization","@id":"https:\/\/taxiaracatuba.com.br\/home\/#organization","name":"T\u00e1xi Ara\u00e7atuba","url":"https:\/\/taxiaracatuba.com.br\/home\/","logo":{"@type":"ImageObject","inLanguage":"pt-BR","@id":"https:\/\/taxiaracatuba.com.br\/home\/#\/schema\/logo\/image\/","url":"https:\/\/taxiaracatuba.com.br\/home\/wp-content\/uploads\/2018\/10\/image-1400x784-78.jpg","contentUrl":"https:\/\/taxiaracatuba.com.br\/home\/wp-content\/uploads\/2018\/10\/image-1400x784-78.jpg","width":1400,"height":784,"caption":"T\u00e1xi Ara\u00e7atuba"},"image":{"@id":"https:\/\/taxiaracatuba.com.br\/home\/#\/schema\/logo\/image\/"},"sameAs":["https:\/\/www.facebook.com\/taxiaracatuba\/","https:\/\/www.youtube.com\/channel\/UCDM3TN2Iyt-CNuN3Gsw_Usw"]}]}},"_links":{"self":[{"href":"https:\/\/taxiaracatuba.com.br\/home\/wp-json\/wp\/v2\/pages\/8","targetHints":{"allow":["GET"]}}],"collection":[{"href":"https:\/\/taxiaracatuba.com.br\/home\/wp-json\/wp\/v2\/pages"}],"about":[{"href":"https:\/\/taxiaracatuba.com.br\/home\/wp-json\/wp\/v2\/types\/page"}],"author":[{"embeddable":true,"href":"https:\/\/taxiaracatuba.com.br\/home\/wp-json\/wp\/v2\/users\/1"}],"replies":[{"embeddable":true,"href":"https:\/\/taxiaracatuba.com.br\/home\/wp-json\/wp\/v2\/comments?post=8"}],"version-history":[{"count":13,"href":"https:\/\/taxiaracatuba.com.br\/home\/wp-json\/wp\/v2\/pages\/8\/revisions"}],"predecessor-version":[{"id":422,"href":"https:\/\/taxiaracatuba.com.br\/home\/wp-json\/wp\/v2\/pages\/8\/revisions\/422"}],"wp:attachment":[{"href":"https:\/\/taxiaracatuba.com.br\/home\/wp-json\/wp\/v2\/media?parent=8"}],"curies":[{"name":"wp","href":"https:\/\/api.w.org\/{rel}","templated":true}]}}