{"id":38,"date":"2018-10-14T02:44:03","date_gmt":"2018-10-14T05:44:03","guid":{"rendered":"https:\/\/taxiaracatuba.com.br\/home\/?page_id=38"},"modified":"2025-05-28T20:25:51","modified_gmt":"2025-05-29T04:25:51","slug":"inicio","status":"publish","type":"page","link":"https:\/\/taxiaracatuba.com.br\/home\/","title":{"rendered":"In\u00edcio"},"content":{"rendered":"\t\t<div data-elementor-type=\"wp-post\" data-elementor-id=\"38\" class=\"elementor elementor-38\">\n\t\t\t\t\t\t<section class=\"elementor-section elementor-top-section elementor-element elementor-element-79b51dc elementor-section-boxed elementor-section-height-default elementor-section-height-default\" data-id=\"79b51dc\" data-element_type=\"section\" data-e-type=\"section\" data-settings=\"{&quot;background_background&quot;:&quot;classic&quot;}\">\n\t\t\t\t\t\t\t<div class=\"elementor-background-overlay\"><\/div>\n\t\t\t\t\t\t\t<div class=\"elementor-container elementor-column-gap-default\">\n\t\t\t\t\t<div class=\"elementor-column elementor-col-100 elementor-top-column elementor-element elementor-element-b8d4056\" data-id=\"b8d4056\" data-element_type=\"column\" data-e-type=\"column\" data-settings=\"{&quot;background_background&quot;:&quot;classic&quot;}\">\n\t\t\t<div class=\"elementor-widget-wrap elementor-element-populated\">\n\t\t\t\t\t<div class=\"elementor-background-overlay\"><\/div>\n\t\t\t\t\t\t<div class=\"elementor-element elementor-element-e0ccafa elementor-widget elementor-widget-image\" data-id=\"e0ccafa\" data-element_type=\"widget\" data-e-type=\"widget\" data-widget_type=\"image.default\">\n\t\t\t\t<div class=\"elementor-widget-container\">\n\t\t\t\t\t\t\t\t\t\t\t\t\t\t\t<img fetchpriority=\"high\" decoding=\"async\" width=\"1024\" height=\"319\" src=\"https:\/\/taxiaracatuba.com.br\/home\/wp-content\/uploads\/2019\/03\/taxi-logo2-1024x319.png\" class=\"attachment-large size-large wp-image-363\" alt=\"\" srcset=\"https:\/\/taxiaracatuba.com.br\/home\/wp-content\/uploads\/2019\/03\/taxi-logo2-1024x319.png 1024w, https:\/\/taxiaracatuba.com.br\/home\/wp-content\/uploads\/2019\/03\/taxi-logo2-300x94.png 300w, https:\/\/taxiaracatuba.com.br\/home\/wp-content\/uploads\/2019\/03\/taxi-logo2-768x239.png 768w, https:\/\/taxiaracatuba.com.br\/home\/wp-content\/uploads\/2019\/03\/taxi-logo2.png 1283w\" sizes=\"(max-width: 1024px) 100vw, 1024px\" \/>\t\t\t\t\t\t\t\t\t\t\t\t\t\t\t<\/div>\n\t\t\t\t<\/div>\n\t\t\t\t<div class=\"elementor-element elementor-element-16533d6 elementor-widget elementor-widget-text-editor\" data-id=\"16533d6\" data-element_type=\"widget\" data-e-type=\"widget\" data-widget_type=\"text-editor.default\">\n\t\t\t\t<div class=\"elementor-widget-container\">\n\t\t\t\t\t\t\t\t\t<h3 style=\"text-align: center;\"><span style=\"color: #ffff00;\">\u00a0<\/span><\/h3><h3 style=\"text-align: center;\"><span style=\"color: #ffff00;\">Vivo (18) 9.9660-4690<\/span><\/h3><h3 style=\"text-align: center;\"><span style=\"color: #ffff00;\">Claro (18) 9.9174-1375<\/span><\/h3><h3 style=\"text-align: center;\"><span style=\"color: #ffff00;\">Oi (18) 9.8803-0146<\/span><\/h3><h3 style=\"text-align: center;\"><span style=\"color: #ffff00;\">Tim (18) 9.8138-2546<\/span><\/h3>\t\t\t\t\t\t\t\t<\/div>\n\t\t\t\t<\/div>\n\t\t\t\t<div class=\"elementor-element elementor-element-7fe2897 elementor-widget elementor-widget-text-editor\" data-id=\"7fe2897\" data-element_type=\"widget\" data-e-type=\"widget\" data-widget_type=\"text-editor.default\">\n\t\t\t\t<div class=\"elementor-widget-container\">\n\t\t\t\t\t\t\t\t\t<p><span style=\"color: #ffffff;\">Servi\u00e7o de T\u00e1xi para Ara\u00e7atuba e toda Regi\u00e3o, seguran\u00e7a, confian\u00e7a, pontualidade, pre\u00e7o honesto.<\/span><\/p><p><span style=\"color: #ffffff;\">Fa\u00e7a contato agora mesmo para agendar sua viagem pelos telefones:<\/span><\/p>\t\t\t\t\t\t\t\t<\/div>\n\t\t\t\t<\/div>\n\t\t\t\t<div class=\"elementor-element elementor-element-33dbab4 elementor-widget elementor-widget-text-editor\" data-id=\"33dbab4\" data-element_type=\"widget\" data-e-type=\"widget\" data-widget_type=\"text-editor.default\">\n\t\t\t\t<div class=\"elementor-widget-container\">\n\t\t\t\t\t\t\t\t\t<pre style=\"text-align: center;\">Servi\u00e7os:<br \/>Emerg\u00eancias<br \/>Aeroporto <br \/>Transportes urbanos<br \/>Viagens intermunicipais<br \/>Rodovi\u00e1ria<br \/>Festas e Eventos (Exp\u00f4, Tiet\u00ea Resort, etc)<br \/>Faculdades:(Ucesp, Unesp, Unip, Uniesp, Toledo, Unip, Uniesp, Salesiano, etc...)\u00a0<\/pre>\t\t\t\t\t\t\t\t<\/div>\n\t\t\t\t<\/div>\n\t\t\t\t<div class=\"elementor-element elementor-element-ac7ca57 elementor-widget elementor-widget-image\" data-id=\"ac7ca57\" data-element_type=\"widget\" data-e-type=\"widget\" data-widget_type=\"image.default\">\n\t\t\t\t<div class=\"elementor-widget-container\">\n\t\t\t\t\t\t\t\t\t\t\t\t<figure class=\"wp-caption\">\n\t\t\t\t\t\t\t\t\t\t<img decoding=\"async\" width=\"474\" height=\"57\" src=\"https:\/\/taxiaracatuba.com.br\/home\/wp-content\/uploads\/2018\/10\/cartoes-1.jpg\" class=\"attachment-large size-large wp-image-328\" alt=\"\" srcset=\"https:\/\/taxiaracatuba.com.br\/home\/wp-content\/uploads\/2018\/10\/cartoes-1.jpg 474w, https:\/\/taxiaracatuba.com.br\/home\/wp-content\/uploads\/2018\/10\/cartoes-1-300x36.jpg 300w\" sizes=\"(max-width: 474px) 100vw, 474px\" \/>\t\t\t\t\t\t\t\t\t\t\t<figcaption class=\"widget-image-caption wp-caption-text\">Aceitamos pagamentos por cart\u00e3o de cr\u00e9dito e d\u00e9bito.<\/figcaption>\n\t\t\t\t\t\t\t\t\t\t<\/figure>\n\t\t\t\t\t\t\t\t\t<\/div>\n\t\t\t\t<\/div>\n\t\t\t\t<div class=\"elementor-element elementor-element-b705bb9 elementor-widget elementor-widget-text-editor\" data-id=\"b705bb9\" data-element_type=\"widget\" data-e-type=\"widget\" data-widget_type=\"text-editor.default\">\n\t\t\t\t<div class=\"elementor-widget-container\">\n\t\t\t\t\t\t\t\t\t<p><span style=\"color: #ffffff;\">Aceitamos viagens, nosso T\u00e1xi est\u00e1 a sua disposi\u00e7\u00e3o <\/span><br \/><span style=\"color: #ffffff;\">nossa ferramenta \u00e9 um Corola novo sempre revisado pronto para atende-lo. <\/span><br \/><span style=\"color: #ffffff;\">Atendimento para Ara\u00e7atuba e Regi\u00e3o\u00a0<\/span><\/p><p><span style=\"color: #ffffff; background-color: transparent; letter-spacing: 0px;\">R. Joaquim Nabuco, 01 &#8211; Centro Taxi Fazani Ara\u00e7atuba<\/span><\/p><p><span style=\"color: #ffffff;\">Ara\u00e7atuba &#8211; S\u00e3o Paulo, 16010-020<\/span><span style=\"color: #ffffff; background-color: transparent; letter-spacing: 0px;\">\u00a0<\/span><\/p>\t\t\t\t\t\t\t\t<\/div>\n\t\t\t\t<\/div>\n\t\t\t\t\t<\/div>\n\t\t<\/div>\n\t\t\t\t\t<\/div>\n\t\t<\/section>\n\t\t\t\t<section class=\"elementor-section elementor-top-section elementor-element elementor-element-a3d2a0c elementor-section-boxed elementor-section-height-default elementor-section-height-default\" data-id=\"a3d2a0c\" data-element_type=\"section\" data-e-type=\"section\">\n\t\t\t\t\t\t<div class=\"elementor-container elementor-column-gap-default\">\n\t\t\t\t\t<div class=\"elementor-column elementor-col-100 elementor-top-column elementor-element elementor-element-a053892\" data-id=\"a053892\" data-element_type=\"column\" data-e-type=\"column\">\n\t\t\t<div class=\"elementor-widget-wrap\">\n\t\t\t\t\t\t\t<\/div>\n\t\t<\/div>\n\t\t\t\t\t<\/div>\n\t\t<\/section>\n\t\t\t\t<section class=\"elementor-section elementor-top-section elementor-element elementor-element-a00d555 elementor-section-height-min-height elementor-section-boxed elementor-section-height-default elementor-section-items-middle\" data-id=\"a00d555\" data-element_type=\"section\" data-e-type=\"section\">\n\t\t\t\t\t\t<div class=\"elementor-container elementor-column-gap-wide\">\n\t\t\t\t\t<div class=\"elementor-column elementor-col-100 elementor-top-column elementor-element elementor-element-99f7c33\" data-id=\"99f7c33\" data-element_type=\"column\" data-e-type=\"column\" data-settings=\"{&quot;background_background&quot;:&quot;classic&quot;}\">\n\t\t\t<div class=\"elementor-widget-wrap elementor-element-populated\">\n\t\t\t\t\t<div class=\"elementor-background-overlay\"><\/div>\n\t\t\t\t\t\t<div class=\"elementor-element elementor-element-4e93c0e elementor-invisible elementor-widget elementor-widget-heading\" data-id=\"4e93c0e\" data-element_type=\"widget\" data-e-type=\"widget\" data-settings=\"{&quot;_animation&quot;:&quot;zoomIn&quot;}\" data-widget_type=\"heading.default\">\n\t\t\t\t<div class=\"elementor-widget-container\">\n\t\t\t\t\t<h1 class=\"elementor-heading-title elementor-size-default\">T\u00e1xi Ara\u00e7atuba<\/h1>\t\t\t\t<\/div>\n\t\t\t\t<\/div>\n\t\t\t\t<div class=\"elementor-element elementor-element-2cf73df elementor-widget elementor-widget-text-editor\" data-id=\"2cf73df\" data-element_type=\"widget\" data-e-type=\"widget\" data-widget_type=\"text-editor.default\">\n\t\t\t\t<div class=\"elementor-widget-container\">\n\t\t\t\t\t\t\t\t\t<h2 style=\"text-align: center;\"><span style=\"color: #ff6600;\">Nosso cliente em primeiro lugar<\/span><\/h2>\t\t\t\t\t\t\t\t<\/div>\n\t\t\t\t<\/div>\n\t\t\t\t\t<\/div>\n\t\t<\/div>\n\t\t\t\t\t<\/div>\n\t\t<\/section>\n\t\t\t\t<section class=\"elementor-section elementor-top-section elementor-element elementor-element-b105cc1 elementor-section-boxed elementor-section-height-default elementor-section-height-default\" data-id=\"b105cc1\" data-element_type=\"section\" data-e-type=\"section\" data-settings=\"{&quot;background_background&quot;:&quot;classic&quot;}\">\n\t\t\t\t\t\t\t<div class=\"elementor-background-overlay\"><\/div>\n\t\t\t\t\t\t\t<div class=\"elementor-container elementor-column-gap-default\">\n\t\t\t\t\t<div class=\"elementor-column elementor-col-100 elementor-top-column elementor-element elementor-element-f6a3692\" data-id=\"f6a3692\" data-element_type=\"column\" data-e-type=\"column\">\n\t\t\t<div class=\"elementor-widget-wrap elementor-element-populated\">\n\t\t\t\t\t\t<div class=\"elementor-element elementor-element-7c9591a elementor-invisible elementor-widget elementor-widget-testimonial\" data-id=\"7c9591a\" data-element_type=\"widget\" data-e-type=\"widget\" data-settings=\"{&quot;_animation&quot;:&quot;fadeIn&quot;}\" data-widget_type=\"testimonial.default\">\n\t\t\t\t<div class=\"elementor-widget-container\">\n\t\t\t\t\t\t\t<div class=\"elementor-testimonial-wrapper\">\n\t\t\t\t\t\t\t<div class=\"elementor-testimonial-content\">Obrigado pela visita<\/div>\n\t\t\t\n\t\t\t\t\t\t<div class=\"elementor-testimonial-meta elementor-has-image elementor-testimonial-image-position-top\">\n\t\t\t\t<div class=\"elementor-testimonial-meta-inner\">\n\t\t\t\t\t\t\t\t\t\t\t<div class=\"elementor-testimonial-image\">\n\t\t\t\t\t\t\t<img decoding=\"async\" src=\"https:\/\/taxiaracatuba.com.br\/home\/wp-content\/uploads\/elementor\/thumbs\/taxi-aracatuca-1-196x128-79-nxpgp3fxevvwpdoupcrfmikp5jhly18u2bqv79jnog.png\" title=\"taxi-aracatuca-1-196&#215;128-79\" alt=\"taxi-aracatuca-1-196x128-79\" loading=\"lazy\" \/>\t\t\t\t\t\t<\/div>\n\t\t\t\t\t\n\t\t\t\t\t\t\t\t\t\t<div class=\"elementor-testimonial-details\">\n\t\t\t\t\t\t\t\t\t\t\t\t\t\t<div class=\"elementor-testimonial-name\">Claudinei Sergio Fazani<\/div>\n\t\t\t\t\t\t\t\t\t\t\t\t\t\t\t\t\t\t\t\t\t\t<div class=\"elementor-testimonial-job\">Sempre pronto para servi-lo<\/div>\n\t\t\t\t\t\t\t\t\t\t\t\t\t<\/div>\n\t\t\t\t\t\t\t\t\t<\/div>\n\t\t\t<\/div>\n\t\t\t\t\t<\/div>\n\t\t\t\t\t\t<\/div>\n\t\t\t\t<\/div>\n\t\t\t\t\t<\/div>\n\t\t<\/div>\n\t\t\t\t\t<\/div>\n\t\t<\/section>\n\t\t\t\t<section class=\"elementor-section elementor-top-section elementor-element elementor-element-8851217 elementor-section-boxed elementor-section-height-default elementor-section-height-default\" data-id=\"8851217\" data-element_type=\"section\" data-e-type=\"section\">\n\t\t\t\t\t\t<div class=\"elementor-container elementor-column-gap-default\">\n\t\t\t\t\t<div class=\"elementor-column elementor-col-100 elementor-top-column elementor-element elementor-element-a531f14\" data-id=\"a531f14\" data-element_type=\"column\" data-e-type=\"column\">\n\t\t\t<div class=\"elementor-widget-wrap elementor-element-populated\">\n\t\t\t\t\t\t<div class=\"elementor-element elementor-element-01e1e9b elementor-widget elementor-widget-html\" data-id=\"01e1e9b\" data-element_type=\"widget\" data-e-type=\"widget\" data-widget_type=\"html.default\">\n\t\t\t\t<div class=\"elementor-widget-container\">\n\t\t\t\t\t<html>\r\n \r\n  <object <html>\r\n<body>\r\n<iframe id=\"ytplayer\" type=\"text\/html\" width=\"720\" height=\"405\"\r\nsrc=\"https:\/\/www.youtube.com\/embed\/__0wmnXu_Fc?autoplay=1\"\r\nframeborder=\"0\" allowfullscreen><\/iframe>\r\n<\/body>\r\n<\/html\u2033><\/object>\r\n\r\n<\/html>\t\t\t\t<\/div>\n\t\t\t\t<\/div>\n\t\t\t\t\t<\/div>\n\t\t<\/div>\n\t\t\t\t\t<\/div>\n\t\t<\/section>\n\t\t\t\t<\/div>\n\t\t","protected":false},"excerpt":{"rendered":"<p>\u00a0 Vivo (18) 9.9660-4690 Claro (18) 9.9174-1375 Oi (18) 9.8803-0146 Tim (18) 9.8138-2546 Servi\u00e7o de T\u00e1xi para Ara\u00e7atuba e toda Regi\u00e3o, seguran\u00e7a, confian\u00e7a, pontualidade, pre\u00e7o honesto. Fa\u00e7a contato agora mesmo para agendar sua viagem pelos telefones: Servi\u00e7os:Emerg\u00eanciasAeroporto Transportes urbanosViagens intermunicipaisRodovi\u00e1riaFestas e Eventos (Exp\u00f4, Tiet\u00ea Resort, etc)Faculdades:(Ucesp, Unesp, Unip, Uniesp, Toledo, Unip, Uniesp, Salesiano, etc&#8230;)\u00a0 Aceitamos &#8230; <a title=\"In\u00edcio\" class=\"read-more\" href=\"https:\/\/taxiaracatuba.com.br\/home\/\" aria-label=\"Read more about In\u00edcio\">Ler mais<\/a><\/p>\n","protected":false},"author":1,"featured_media":0,"parent":0,"menu_order":0,"comment_status":"closed","ping_status":"closed","template":"elementor_header_footer","meta":{"footnotes":""},"class_list":["post-38","page","type-page","status-publish"],"yoast_head":"<!-- This site is optimized with the Yoast SEO plugin v27.2 - https:\/\/yoast.com\/product\/yoast-seo-wordpress\/ -->\n<title>T\u00e1xi Claudinei Fazani<\/title>\n<meta name=\"description\" content=\"Transportes Urbanos, Viagens, Aeroporto, Rodovi\u00e1ria, Ligue J\u00e1 Vivo (18) 99660-4690 | Claro (18) 99174-1375 | Oi (18) 98803-0146 | Tim (18) 98138-2546\" \/>\n<meta name=\"robots\" content=\"index, follow, max-snippet:-1, max-image-preview:large, max-video-preview:-1\" \/>\n<link rel=\"canonical\" href=\"https:\/\/taxiaracatuba.com.br\/home\/\" \/>\n<meta property=\"og:locale\" content=\"pt_BR\" \/>\n<meta property=\"og:type\" content=\"article\" \/>\n<meta property=\"og:title\" content=\"T\u00e1xi Claudinei Fazani\" \/>\n<meta property=\"og:description\" content=\"Transportes Urbanos, Viagens, Aeroporto, Rodovi\u00e1ria, Ligue J\u00e1 Vivo (18) 99660-4690 | Claro (18) 99174-1375 | Oi (18) 98803-0146 | Tim (18) 98138-2546\" \/>\n<meta property=\"og:url\" content=\"https:\/\/taxiaracatuba.com.br\/home\/\" \/>\n<meta property=\"og:site_name\" content=\"T\u00e1xi Ara\u00e7atuba - (18) 99660-4690\" \/>\n<meta property=\"article:publisher\" content=\"https:\/\/www.facebook.com\/taxiaracatuba\/\" \/>\n<meta property=\"article:modified_time\" content=\"2025-05-29T04:25:51+00:00\" \/>\n<meta property=\"og:image\" content=\"https:\/\/taxiaracatuba.com.br\/home\/wp-content\/uploads\/2019\/03\/taxi-logo2.png\" \/>\n\t<meta property=\"og:image:width\" content=\"1283\" \/>\n\t<meta property=\"og:image:height\" content=\"400\" \/>\n\t<meta property=\"og:image:type\" content=\"image\/png\" \/>\n<meta name=\"twitter:card\" content=\"summary_large_image\" \/>\n<meta name=\"twitter:label1\" content=\"Est. tempo de leitura\" \/>\n\t<meta name=\"twitter:data1\" content=\"2 minutos\" \/>\n<script type=\"application\/ld+json\" class=\"yoast-schema-graph\">{\"@context\":\"https:\/\/schema.org\",\"@graph\":[{\"@type\":\"WebPage\",\"@id\":\"https:\/\/taxiaracatuba.com.br\/home\/\",\"url\":\"https:\/\/taxiaracatuba.com.br\/home\/\",\"name\":\"T\u00e1xi Claudinei Fazani\",\"isPartOf\":{\"@id\":\"https:\/\/taxiaracatuba.com.br\/home\/#website\"},\"primaryImageOfPage\":{\"@id\":\"https:\/\/taxiaracatuba.com.br\/home\/#primaryimage\"},\"image\":{\"@id\":\"https:\/\/taxiaracatuba.com.br\/home\/#primaryimage\"},\"thumbnailUrl\":\"https:\/\/taxiaracatuba.com.br\/home\/wp-content\/uploads\/2019\/03\/taxi-logo2-1024x319.png\",\"datePublished\":\"2018-10-14T05:44:03+00:00\",\"dateModified\":\"2025-05-29T04:25:51+00:00\",\"description\":\"Transportes Urbanos, Viagens, Aeroporto, Rodovi\u00e1ria, Ligue J\u00e1 Vivo (18) 99660-4690 | Claro (18) 99174-1375 | Oi (18) 98803-0146 | Tim (18) 98138-2546\",\"breadcrumb\":{\"@id\":\"https:\/\/taxiaracatuba.com.br\/home\/#breadcrumb\"},\"inLanguage\":\"pt-BR\",\"potentialAction\":[{\"@type\":\"ReadAction\",\"target\":[\"https:\/\/taxiaracatuba.com.br\/home\/\"]}]},{\"@type\":\"ImageObject\",\"inLanguage\":\"pt-BR\",\"@id\":\"https:\/\/taxiaracatuba.com.br\/home\/#primaryimage\",\"url\":\"https:\/\/taxiaracatuba.com.br\/home\/wp-content\/uploads\/2019\/03\/taxi-logo2.png\",\"contentUrl\":\"https:\/\/taxiaracatuba.com.br\/home\/wp-content\/uploads\/2019\/03\/taxi-logo2.png\",\"width\":1283,\"height\":400},{\"@type\":\"BreadcrumbList\",\"@id\":\"https:\/\/taxiaracatuba.com.br\/home\/#breadcrumb\",\"itemListElement\":[{\"@type\":\"ListItem\",\"position\":1,\"name\":\"In\u00edcio\",\"item\":\"https:\/\/taxiaracatuba.com.br\/home\/\"},{\"@type\":\"ListItem\",\"position\":2,\"name\":\"In\u00edcio\"}]},{\"@type\":\"WebSite\",\"@id\":\"https:\/\/taxiaracatuba.com.br\/home\/#website\",\"url\":\"https:\/\/taxiaracatuba.com.br\/home\/\",\"name\":\"T\u00e1xi Ara\u00e7atuba | R\u00e1pido e Seguro | Claudinei Fazani\",\"description\":\"T\u00e1xi Claudinei Fazani\",\"publisher\":{\"@id\":\"https:\/\/taxiaracatuba.com.br\/home\/#organization\"},\"potentialAction\":[{\"@type\":\"SearchAction\",\"target\":{\"@type\":\"EntryPoint\",\"urlTemplate\":\"https:\/\/taxiaracatuba.com.br\/home\/?s={search_term_string}\"},\"query-input\":{\"@type\":\"PropertyValueSpecification\",\"valueRequired\":true,\"valueName\":\"search_term_string\"}}],\"inLanguage\":\"pt-BR\"},{\"@type\":\"Organization\",\"@id\":\"https:\/\/taxiaracatuba.com.br\/home\/#organization\",\"name\":\"T\u00e1xi Ara\u00e7atuba\",\"url\":\"https:\/\/taxiaracatuba.com.br\/home\/\",\"logo\":{\"@type\":\"ImageObject\",\"inLanguage\":\"pt-BR\",\"@id\":\"https:\/\/taxiaracatuba.com.br\/home\/#\/schema\/logo\/image\/\",\"url\":\"https:\/\/taxiaracatuba.com.br\/home\/wp-content\/uploads\/2018\/10\/image-1400x784-78.jpg\",\"contentUrl\":\"https:\/\/taxiaracatuba.com.br\/home\/wp-content\/uploads\/2018\/10\/image-1400x784-78.jpg\",\"width\":1400,\"height\":784,\"caption\":\"T\u00e1xi Ara\u00e7atuba\"},\"image\":{\"@id\":\"https:\/\/taxiaracatuba.com.br\/home\/#\/schema\/logo\/image\/\"},\"sameAs\":[\"https:\/\/www.facebook.com\/taxiaracatuba\/\",\"https:\/\/www.youtube.com\/channel\/UCDM3TN2Iyt-CNuN3Gsw_Usw\"]}]}<\/script>\n<!-- \/ Yoast SEO plugin. -->","yoast_head_json":{"title":"T\u00e1xi Claudinei Fazani","description":"Transportes Urbanos, Viagens, Aeroporto, Rodovi\u00e1ria, Ligue J\u00e1 Vivo (18) 99660-4690 | Claro (18) 99174-1375 | Oi (18) 98803-0146 | Tim (18) 98138-2546","robots":{"index":"index","follow":"follow","max-snippet":"max-snippet:-1","max-image-preview":"max-image-preview:large","max-video-preview":"max-video-preview:-1"},"canonical":"https:\/\/taxiaracatuba.com.br\/home\/","og_locale":"pt_BR","og_type":"article","og_title":"T\u00e1xi Claudinei Fazani","og_description":"Transportes Urbanos, Viagens, Aeroporto, Rodovi\u00e1ria, Ligue J\u00e1 Vivo (18) 99660-4690 | Claro (18) 99174-1375 | Oi (18) 98803-0146 | Tim (18) 98138-2546","og_url":"https:\/\/taxiaracatuba.com.br\/home\/","og_site_name":"T\u00e1xi Ara\u00e7atuba - (18) 99660-4690","article_publisher":"https:\/\/www.facebook.com\/taxiaracatuba\/","article_modified_time":"2025-05-29T04:25:51+00:00","og_image":[{"width":1283,"height":400,"url":"https:\/\/taxiaracatuba.com.br\/home\/wp-content\/uploads\/2019\/03\/taxi-logo2.png","type":"image\/png"}],"twitter_card":"summary_large_image","twitter_misc":{"Est. tempo de leitura":"2 minutos"},"schema":{"@context":"https:\/\/schema.org","@graph":[{"@type":"WebPage","@id":"https:\/\/taxiaracatuba.com.br\/home\/","url":"https:\/\/taxiaracatuba.com.br\/home\/","name":"T\u00e1xi Claudinei Fazani","isPartOf":{"@id":"https:\/\/taxiaracatuba.com.br\/home\/#website"},"primaryImageOfPage":{"@id":"https:\/\/taxiaracatuba.com.br\/home\/#primaryimage"},"image":{"@id":"https:\/\/taxiaracatuba.com.br\/home\/#primaryimage"},"thumbnailUrl":"https:\/\/taxiaracatuba.com.br\/home\/wp-content\/uploads\/2019\/03\/taxi-logo2-1024x319.png","datePublished":"2018-10-14T05:44:03+00:00","dateModified":"2025-05-29T04:25:51+00:00","description":"Transportes Urbanos, Viagens, Aeroporto, Rodovi\u00e1ria, Ligue J\u00e1 Vivo (18) 99660-4690 | Claro (18) 99174-1375 | Oi (18) 98803-0146 | Tim (18) 98138-2546","breadcrumb":{"@id":"https:\/\/taxiaracatuba.com.br\/home\/#breadcrumb"},"inLanguage":"pt-BR","potentialAction":[{"@type":"ReadAction","target":["https:\/\/taxiaracatuba.com.br\/home\/"]}]},{"@type":"ImageObject","inLanguage":"pt-BR","@id":"https:\/\/taxiaracatuba.com.br\/home\/#primaryimage","url":"https:\/\/taxiaracatuba.com.br\/home\/wp-content\/uploads\/2019\/03\/taxi-logo2.png","contentUrl":"https:\/\/taxiaracatuba.com.br\/home\/wp-content\/uploads\/2019\/03\/taxi-logo2.png","width":1283,"height":400},{"@type":"BreadcrumbList","@id":"https:\/\/taxiaracatuba.com.br\/home\/#breadcrumb","itemListElement":[{"@type":"ListItem","position":1,"name":"In\u00edcio","item":"https:\/\/taxiaracatuba.com.br\/home\/"},{"@type":"ListItem","position":2,"name":"In\u00edcio"}]},{"@type":"WebSite","@id":"https:\/\/taxiaracatuba.com.br\/home\/#website","url":"https:\/\/taxiaracatuba.com.br\/home\/","name":"T\u00e1xi Ara\u00e7atuba | R\u00e1pido e Seguro | Claudinei Fazani","description":"T\u00e1xi Claudinei Fazani","publisher":{"@id":"https:\/\/taxiaracatuba.com.br\/home\/#organization"},"potentialAction":[{"@type":"SearchAction","target":{"@type":"EntryPoint","urlTemplate":"https:\/\/taxiaracatuba.com.br\/home\/?s={search_term_string}"},"query-input":{"@type":"PropertyValueSpecification","valueRequired":true,"valueName":"search_term_string"}}],"inLanguage":"pt-BR"},{"@type":"Organization","@id":"https:\/\/taxiaracatuba.com.br\/home\/#organization","name":"T\u00e1xi Ara\u00e7atuba","url":"https:\/\/taxiaracatuba.com.br\/home\/","logo":{"@type":"ImageObject","inLanguage":"pt-BR","@id":"https:\/\/taxiaracatuba.com.br\/home\/#\/schema\/logo\/image\/","url":"https:\/\/taxiaracatuba.com.br\/home\/wp-content\/uploads\/2018\/10\/image-1400x784-78.jpg","contentUrl":"https:\/\/taxiaracatuba.com.br\/home\/wp-content\/uploads\/2018\/10\/image-1400x784-78.jpg","width":1400,"height":784,"caption":"T\u00e1xi Ara\u00e7atuba"},"image":{"@id":"https:\/\/taxiaracatuba.com.br\/home\/#\/schema\/logo\/image\/"},"sameAs":["https:\/\/www.facebook.com\/taxiaracatuba\/","https:\/\/www.youtube.com\/channel\/UCDM3TN2Iyt-CNuN3Gsw_Usw"]}]}},"_links":{"self":[{"href":"https:\/\/taxiaracatuba.com.br\/home\/wp-json\/wp\/v2\/pages\/38","targetHints":{"allow":["GET"]}}],"collection":[{"href":"https:\/\/taxiaracatuba.com.br\/home\/wp-json\/wp\/v2\/pages"}],"about":[{"href":"https:\/\/taxiaracatuba.com.br\/home\/wp-json\/wp\/v2\/types\/page"}],"author":[{"embeddable":true,"href":"https:\/\/taxiaracatuba.com.br\/home\/wp-json\/wp\/v2\/users\/1"}],"replies":[{"embeddable":true,"href":"https:\/\/taxiaracatuba.com.br\/home\/wp-json\/wp\/v2\/comments?post=38"}],"version-history":[{"count":186,"href":"https:\/\/taxiaracatuba.com.br\/home\/wp-json\/wp\/v2\/pages\/38\/revisions"}],"predecessor-version":[{"id":458,"href":"https:\/\/taxiaracatuba.com.br\/home\/wp-json\/wp\/v2\/pages\/38\/revisions\/458"}],"wp:attachment":[{"href":"https:\/\/taxiaracatuba.com.br\/home\/wp-json\/wp\/v2\/media?parent=38"}],"curies":[{"name":"wp","href":"https:\/\/api.w.org\/{rel}","templated":true}]}}