{"id":12,"date":"2018-10-14T01:37:38","date_gmt":"2018-10-14T04:37:38","guid":{"rendered":"https:\/\/taxiaracatuba.com.br\/home\/?page_id=12"},"modified":"2018-10-15T23:56:43","modified_gmt":"2018-10-16T02:56:43","slug":"contato","status":"publish","type":"page","link":"https:\/\/taxiaracatuba.com.br\/home\/contato\/","title":{"rendered":"Contato"},"content":{"rendered":"\t\t<div data-elementor-type=\"wp-post\" data-elementor-id=\"12\" class=\"elementor elementor-12 elementor-bc-flex-widget\">\n\t\t\t\t\t\t<section class=\"elementor-section elementor-top-section elementor-element elementor-element-b34e250 elementor-section-boxed elementor-section-height-default elementor-section-height-default\" data-id=\"b34e250\" data-element_type=\"section\" data-e-type=\"section\">\n\t\t\t\t\t\t<div class=\"elementor-container elementor-column-gap-default\">\n\t\t\t\t\t<div class=\"elementor-column elementor-col-100 elementor-top-column elementor-element elementor-element-a2ffd3e\" data-id=\"a2ffd3e\" data-element_type=\"column\" data-e-type=\"column\">\n\t\t\t<div class=\"elementor-widget-wrap elementor-element-populated\">\n\t\t\t\t\t\t<div class=\"elementor-element elementor-element-0b91a20 elementor-widget elementor-widget-heading\" data-id=\"0b91a20\" data-element_type=\"widget\" data-e-type=\"widget\" data-widget_type=\"heading.default\">\n\t\t\t\t<div class=\"elementor-widget-container\">\n\t\t\t\t\t<h2 class=\"elementor-heading-title elementor-size-default\">Contato<\/h2>\t\t\t\t<\/div>\n\t\t\t\t<\/div>\n\t\t\t\t\t<\/div>\n\t\t<\/div>\n\t\t\t\t\t<\/div>\n\t\t<\/section>\n\t\t\t\t<section class=\"elementor-section elementor-top-section elementor-element elementor-element-c3eca1d elementor-section-full_width elementor-section-height-default elementor-section-height-default\" data-id=\"c3eca1d\" data-element_type=\"section\" data-e-type=\"section\">\n\t\t\t\t\t\t<div class=\"elementor-container elementor-column-gap-default\">\n\t\t\t\t\t<div class=\"elementor-column elementor-col-50 elementor-top-column elementor-element elementor-element-c6c59c9\" data-id=\"c6c59c9\" data-element_type=\"column\" data-e-type=\"column\">\n\t\t\t<div class=\"elementor-widget-wrap elementor-element-populated\">\n\t\t\t\t\t\t<div class=\"elementor-element elementor-element-0368674 elementor-widget elementor-widget-shortcode\" data-id=\"0368674\" data-element_type=\"widget\" data-e-type=\"widget\" data-widget_type=\"shortcode.default\">\n\t\t\t\t<div class=\"elementor-widget-container\">\n\t\t\t\t\t\t\t<div class=\"elementor-shortcode\">\n<div class=\"wpcf7 no-js\" id=\"wpcf7-f122-o1\" lang=\"pt-BR\" dir=\"ltr\" data-wpcf7-id=\"122\">\n<div class=\"screen-reader-response\"><p role=\"status\" aria-live=\"polite\" aria-atomic=\"true\"><\/p> <ul><\/ul><\/div>\n<form action=\"\/home\/wp-json\/wp\/v2\/pages\/12#wpcf7-f122-o1\" method=\"post\" class=\"wpcf7-form init\" aria-label=\"Formul\u00e1rios de contato\" novalidate=\"novalidate\" data-status=\"init\">\n<fieldset class=\"hidden-fields-container\"><input type=\"hidden\" name=\"_wpcf7\" value=\"122\" \/><input type=\"hidden\" name=\"_wpcf7_version\" value=\"6.1.5\" \/><input type=\"hidden\" name=\"_wpcf7_locale\" value=\"pt_BR\" \/><input type=\"hidden\" name=\"_wpcf7_unit_tag\" value=\"wpcf7-f122-o1\" \/><input type=\"hidden\" name=\"_wpcf7_container_post\" value=\"0\" \/><input type=\"hidden\" name=\"_wpcf7_posted_data_hash\" value=\"\" \/>\n<\/fieldset>\n<p><label> Seu nome (obrigat\u00f3rio)<br \/>\n<span class=\"wpcf7-form-control-wrap\" data-name=\"your-name\"><input size=\"40\" maxlength=\"400\" class=\"wpcf7-form-control wpcf7-text wpcf7-validates-as-required\" aria-required=\"true\" aria-invalid=\"false\" value=\"\" type=\"text\" name=\"your-name\" \/><\/span> <\/label>\n<\/p>\n<p><label> Seu e-mail (obrigat\u00f3rio)<br \/>\n<span class=\"wpcf7-form-control-wrap\" data-name=\"your-email\"><input size=\"40\" maxlength=\"400\" class=\"wpcf7-form-control wpcf7-email wpcf7-validates-as-required wpcf7-text wpcf7-validates-as-email\" aria-required=\"true\" aria-invalid=\"false\" value=\"\" type=\"email\" name=\"your-email\" \/><\/span> <\/label>\n<\/p>\n<p><label> Assunto<br \/>\n<span class=\"wpcf7-form-control-wrap\" data-name=\"your-subject\"><input size=\"40\" maxlength=\"400\" class=\"wpcf7-form-control wpcf7-text\" aria-invalid=\"false\" value=\"\" type=\"text\" name=\"your-subject\" \/><\/span> <\/label>\n<\/p>\n<p><label> Sua mensagem<br \/>\n<span class=\"wpcf7-form-control-wrap\" data-name=\"your-message\"><textarea cols=\"40\" rows=\"10\" maxlength=\"2000\" class=\"wpcf7-form-control wpcf7-textarea\" aria-invalid=\"false\" name=\"your-message\"><\/textarea><\/span> <\/label>\n<\/p>\n<p><input class=\"wpcf7-form-control wpcf7-submit has-spinner\" type=\"submit\" value=\"Enviar\" \/>\n<\/p><div class=\"wpcf7-response-output\" aria-hidden=\"true\"><\/div>\n<\/form>\n<\/div>\n<\/div>\n\t\t\t\t\t\t<\/div>\n\t\t\t\t<\/div>\n\t\t\t\t\t<\/div>\n\t\t<\/div>\n\t\t\t\t<div class=\"elementor-column elementor-col-50 elementor-top-column elementor-element elementor-element-98f6e4d\" data-id=\"98f6e4d\" data-element_type=\"column\" data-e-type=\"column\">\n\t\t\t<div class=\"elementor-widget-wrap elementor-element-populated\">\n\t\t\t\t\t\t<div class=\"elementor-element elementor-element-1b44365 elementor-position-left elementor-vertical-align-top elementor-widget elementor-widget-image-box\" data-id=\"1b44365\" data-element_type=\"widget\" data-e-type=\"widget\" data-widget_type=\"image-box.default\">\n\t\t\t\t<div class=\"elementor-widget-container\">\n\t\t\t\t\t<div class=\"elementor-image-box-wrapper\"><figure class=\"elementor-image-box-img\"><img fetchpriority=\"high\" decoding=\"async\" width=\"207\" height=\"350\" src=\"https:\/\/taxiaracatuba.com.br\/home\/wp-content\/uploads\/2018\/10\/cartoes.jpg\" class=\"attachment-full size-full wp-image-126\" alt=\"\" srcset=\"https:\/\/taxiaracatuba.com.br\/home\/wp-content\/uploads\/2018\/10\/cartoes.jpg 207w, https:\/\/taxiaracatuba.com.br\/home\/wp-content\/uploads\/2018\/10\/cartoes-177x300.jpg 177w\" sizes=\"(max-width: 207px) 100vw, 207px\" \/><\/figure><\/div>\t\t\t\t<\/div>\n\t\t\t\t<\/div>\n\t\t\t\t<div class=\"elementor-element elementor-element-594f2d9 elementor-widget elementor-widget-image\" data-id=\"594f2d9\" data-element_type=\"widget\" data-e-type=\"widget\" data-widget_type=\"image.default\">\n\t\t\t\t<div class=\"elementor-widget-container\">\n\t\t\t\t\t\t\t\t\t\t\t\t\t\t\t<img decoding=\"async\" src=\"https:\/\/taxiaracatuba.com.br\/home\/wp-content\/uploads\/elementor\/thumbs\/image-1400x784-78-nxlizia9iu3be9v04a33731jkdnvbrxrqfgj99z17a.jpg\" title=\"image-1400&#215;784-78\" alt=\"image-1400x784-78\" loading=\"lazy\" \/>\t\t\t\t\t\t\t\t\t\t\t\t\t\t\t<\/div>\n\t\t\t\t<\/div>\n\t\t\t\t\t<\/div>\n\t\t<\/div>\n\t\t\t\t\t<\/div>\n\t\t<\/section>\n\t\t\t\t<section class=\"elementor-section elementor-top-section elementor-element elementor-element-01dca0d elementor-section-boxed elementor-section-height-default elementor-section-height-default\" data-id=\"01dca0d\" data-element_type=\"section\" data-e-type=\"section\">\n\t\t\t\t\t\t<div class=\"elementor-container elementor-column-gap-default\">\n\t\t\t\t\t<div class=\"elementor-column elementor-col-100 elementor-top-column elementor-element elementor-element-c454c5d\" data-id=\"c454c5d\" data-element_type=\"column\" data-e-type=\"column\">\n\t\t\t<div class=\"elementor-widget-wrap elementor-element-populated\">\n\t\t\t\t\t\t<div class=\"elementor-element elementor-element-0ec6b05 elementor-widget elementor-widget-google_maps\" data-id=\"0ec6b05\" data-element_type=\"widget\" data-e-type=\"widget\" data-widget_type=\"google_maps.default\">\n\t\t\t\t<div class=\"elementor-widget-container\">\n\t\t\t\t\t\t\t<div class=\"elementor-custom-embed\">\n\t\t\t<iframe loading=\"lazy\"\n\t\t\t\t\tsrc=\"https:\/\/maps.google.com\/maps?q=T%C3%A1xi%20-%20Claudinei%20Fazani&#038;t=m&#038;z=10&#038;output=embed&#038;iwloc=near\"\n\t\t\t\t\ttitle=\"T\u00e1xi - Claudinei Fazani\"\n\t\t\t\t\taria-label=\"T\u00e1xi - Claudinei Fazani\"\n\t\t\t><\/iframe>\n\t\t<\/div>\n\t\t\t\t\t\t<\/div>\n\t\t\t\t<\/div>\n\t\t\t\t\t<\/div>\n\t\t<\/div>\n\t\t\t\t\t<\/div>\n\t\t<\/section>\n\t\t\t\t<\/div>\n\t\t","protected":false},"excerpt":{"rendered":"<p>Contato<\/p>\n","protected":false},"author":1,"featured_media":0,"parent":0,"menu_order":0,"comment_status":"closed","ping_status":"closed","template":"elementor_header_footer","meta":{"footnotes":""},"class_list":["post-12","page","type-page","status-publish"],"yoast_head":"<!-- This site is optimized with the Yoast SEO plugin v27.2 - https:\/\/yoast.com\/product\/yoast-seo-wordpress\/ -->\n<title>Contato | T\u00e1xi Ara\u00e7atuba - (18) 99660-4690<\/title>\n<meta name=\"robots\" content=\"index, follow, max-snippet:-1, max-image-preview:large, max-video-preview:-1\" \/>\n<link rel=\"canonical\" href=\"https:\/\/taxiaracatuba.com.br\/home\/contato\/\" \/>\n<meta property=\"og:locale\" content=\"pt_BR\" \/>\n<meta property=\"og:type\" content=\"article\" \/>\n<meta property=\"og:title\" content=\"Contato | T\u00e1xi Ara\u00e7atuba - (18) 99660-4690\" \/>\n<meta property=\"og:description\" content=\"Contato\" \/>\n<meta property=\"og:url\" content=\"https:\/\/taxiaracatuba.com.br\/home\/contato\/\" \/>\n<meta property=\"og:site_name\" content=\"T\u00e1xi Ara\u00e7atuba - (18) 99660-4690\" \/>\n<meta property=\"article:publisher\" content=\"https:\/\/www.facebook.com\/taxiaracatuba\/\" \/>\n<meta property=\"article:modified_time\" content=\"2018-10-16T02:56:43+00:00\" \/>\n<meta property=\"og:image\" content=\"https:\/\/taxiaracatuba.com.br\/home\/wp-content\/uploads\/2018\/10\/cartoes.jpg\" \/>\n<meta name=\"twitter:card\" content=\"summary_large_image\" \/>\n<script type=\"application\/ld+json\" class=\"yoast-schema-graph\">{\"@context\":\"https:\/\/schema.org\",\"@graph\":[{\"@type\":\"WebPage\",\"@id\":\"https:\/\/taxiaracatuba.com.br\/home\/contato\/\",\"url\":\"https:\/\/taxiaracatuba.com.br\/home\/contato\/\",\"name\":\"Contato | T\u00e1xi Ara\u00e7atuba - (18) 99660-4690\",\"isPartOf\":{\"@id\":\"https:\/\/taxiaracatuba.com.br\/home\/#website\"},\"primaryImageOfPage\":{\"@id\":\"https:\/\/taxiaracatuba.com.br\/home\/contato\/#primaryimage\"},\"image\":{\"@id\":\"https:\/\/taxiaracatuba.com.br\/home\/contato\/#primaryimage\"},\"thumbnailUrl\":\"https:\/\/taxiaracatuba.com.br\/home\/wp-content\/uploads\/2018\/10\/cartoes.jpg\",\"datePublished\":\"2018-10-14T04:37:38+00:00\",\"dateModified\":\"2018-10-16T02:56:43+00:00\",\"breadcrumb\":{\"@id\":\"https:\/\/taxiaracatuba.com.br\/home\/contato\/#breadcrumb\"},\"inLanguage\":\"pt-BR\",\"potentialAction\":[{\"@type\":\"ReadAction\",\"target\":[\"https:\/\/taxiaracatuba.com.br\/home\/contato\/\"]}]},{\"@type\":\"ImageObject\",\"inLanguage\":\"pt-BR\",\"@id\":\"https:\/\/taxiaracatuba.com.br\/home\/contato\/#primaryimage\",\"url\":\"https:\/\/taxiaracatuba.com.br\/home\/wp-content\/uploads\/2018\/10\/cartoes.jpg\",\"contentUrl\":\"https:\/\/taxiaracatuba.com.br\/home\/wp-content\/uploads\/2018\/10\/cartoes.jpg\",\"width\":207,\"height\":350},{\"@type\":\"BreadcrumbList\",\"@id\":\"https:\/\/taxiaracatuba.com.br\/home\/contato\/#breadcrumb\",\"itemListElement\":[{\"@type\":\"ListItem\",\"position\":1,\"name\":\"In\u00edcio\",\"item\":\"https:\/\/taxiaracatuba.com.br\/home\/\"},{\"@type\":\"ListItem\",\"position\":2,\"name\":\"Contato\"}]},{\"@type\":\"WebSite\",\"@id\":\"https:\/\/taxiaracatuba.com.br\/home\/#website\",\"url\":\"https:\/\/taxiaracatuba.com.br\/home\/\",\"name\":\"T\u00e1xi Ara\u00e7atuba | R\u00e1pido e Seguro | Claudinei Fazani\",\"description\":\"T\u00e1xi Claudinei Fazani\",\"publisher\":{\"@id\":\"https:\/\/taxiaracatuba.com.br\/home\/#organization\"},\"potentialAction\":[{\"@type\":\"SearchAction\",\"target\":{\"@type\":\"EntryPoint\",\"urlTemplate\":\"https:\/\/taxiaracatuba.com.br\/home\/?s={search_term_string}\"},\"query-input\":{\"@type\":\"PropertyValueSpecification\",\"valueRequired\":true,\"valueName\":\"search_term_string\"}}],\"inLanguage\":\"pt-BR\"},{\"@type\":\"Organization\",\"@id\":\"https:\/\/taxiaracatuba.com.br\/home\/#organization\",\"name\":\"T\u00e1xi Ara\u00e7atuba\",\"url\":\"https:\/\/taxiaracatuba.com.br\/home\/\",\"logo\":{\"@type\":\"ImageObject\",\"inLanguage\":\"pt-BR\",\"@id\":\"https:\/\/taxiaracatuba.com.br\/home\/#\/schema\/logo\/image\/\",\"url\":\"https:\/\/taxiaracatuba.com.br\/home\/wp-content\/uploads\/2018\/10\/image-1400x784-78.jpg\",\"contentUrl\":\"https:\/\/taxiaracatuba.com.br\/home\/wp-content\/uploads\/2018\/10\/image-1400x784-78.jpg\",\"width\":1400,\"height\":784,\"caption\":\"T\u00e1xi Ara\u00e7atuba\"},\"image\":{\"@id\":\"https:\/\/taxiaracatuba.com.br\/home\/#\/schema\/logo\/image\/\"},\"sameAs\":[\"https:\/\/www.facebook.com\/taxiaracatuba\/\",\"https:\/\/www.youtube.com\/channel\/UCDM3TN2Iyt-CNuN3Gsw_Usw\"]}]}<\/script>\n<!-- \/ Yoast SEO plugin. -->","yoast_head_json":{"title":"Contato | T\u00e1xi Ara\u00e7atuba - (18) 99660-4690","robots":{"index":"index","follow":"follow","max-snippet":"max-snippet:-1","max-image-preview":"max-image-preview:large","max-video-preview":"max-video-preview:-1"},"canonical":"https:\/\/taxiaracatuba.com.br\/home\/contato\/","og_locale":"pt_BR","og_type":"article","og_title":"Contato | T\u00e1xi Ara\u00e7atuba - (18) 99660-4690","og_description":"Contato","og_url":"https:\/\/taxiaracatuba.com.br\/home\/contato\/","og_site_name":"T\u00e1xi Ara\u00e7atuba - (18) 99660-4690","article_publisher":"https:\/\/www.facebook.com\/taxiaracatuba\/","article_modified_time":"2018-10-16T02:56:43+00:00","og_image":[{"url":"https:\/\/taxiaracatuba.com.br\/home\/wp-content\/uploads\/2018\/10\/cartoes.jpg","type":"","width":"","height":""}],"twitter_card":"summary_large_image","schema":{"@context":"https:\/\/schema.org","@graph":[{"@type":"WebPage","@id":"https:\/\/taxiaracatuba.com.br\/home\/contato\/","url":"https:\/\/taxiaracatuba.com.br\/home\/contato\/","name":"Contato | T\u00e1xi Ara\u00e7atuba - (18) 99660-4690","isPartOf":{"@id":"https:\/\/taxiaracatuba.com.br\/home\/#website"},"primaryImageOfPage":{"@id":"https:\/\/taxiaracatuba.com.br\/home\/contato\/#primaryimage"},"image":{"@id":"https:\/\/taxiaracatuba.com.br\/home\/contato\/#primaryimage"},"thumbnailUrl":"https:\/\/taxiaracatuba.com.br\/home\/wp-content\/uploads\/2018\/10\/cartoes.jpg","datePublished":"2018-10-14T04:37:38+00:00","dateModified":"2018-10-16T02:56:43+00:00","breadcrumb":{"@id":"https:\/\/taxiaracatuba.com.br\/home\/contato\/#breadcrumb"},"inLanguage":"pt-BR","potentialAction":[{"@type":"ReadAction","target":["https:\/\/taxiaracatuba.com.br\/home\/contato\/"]}]},{"@type":"ImageObject","inLanguage":"pt-BR","@id":"https:\/\/taxiaracatuba.com.br\/home\/contato\/#primaryimage","url":"https:\/\/taxiaracatuba.com.br\/home\/wp-content\/uploads\/2018\/10\/cartoes.jpg","contentUrl":"https:\/\/taxiaracatuba.com.br\/home\/wp-content\/uploads\/2018\/10\/cartoes.jpg","width":207,"height":350},{"@type":"BreadcrumbList","@id":"https:\/\/taxiaracatuba.com.br\/home\/contato\/#breadcrumb","itemListElement":[{"@type":"ListItem","position":1,"name":"In\u00edcio","item":"https:\/\/taxiaracatuba.com.br\/home\/"},{"@type":"ListItem","position":2,"name":"Contato"}]},{"@type":"WebSite","@id":"https:\/\/taxiaracatuba.com.br\/home\/#website","url":"https:\/\/taxiaracatuba.com.br\/home\/","name":"T\u00e1xi Ara\u00e7atuba | R\u00e1pido e Seguro | Claudinei Fazani","description":"T\u00e1xi Claudinei Fazani","publisher":{"@id":"https:\/\/taxiaracatuba.com.br\/home\/#organization"},"potentialAction":[{"@type":"SearchAction","target":{"@type":"EntryPoint","urlTemplate":"https:\/\/taxiaracatuba.com.br\/home\/?s={search_term_string}"},"query-input":{"@type":"PropertyValueSpecification","valueRequired":true,"valueName":"search_term_string"}}],"inLanguage":"pt-BR"},{"@type":"Organization","@id":"https:\/\/taxiaracatuba.com.br\/home\/#organization","name":"T\u00e1xi Ara\u00e7atuba","url":"https:\/\/taxiaracatuba.com.br\/home\/","logo":{"@type":"ImageObject","inLanguage":"pt-BR","@id":"https:\/\/taxiaracatuba.com.br\/home\/#\/schema\/logo\/image\/","url":"https:\/\/taxiaracatuba.com.br\/home\/wp-content\/uploads\/2018\/10\/image-1400x784-78.jpg","contentUrl":"https:\/\/taxiaracatuba.com.br\/home\/wp-content\/uploads\/2018\/10\/image-1400x784-78.jpg","width":1400,"height":784,"caption":"T\u00e1xi Ara\u00e7atuba"},"image":{"@id":"https:\/\/taxiaracatuba.com.br\/home\/#\/schema\/logo\/image\/"},"sameAs":["https:\/\/www.facebook.com\/taxiaracatuba\/","https:\/\/www.youtube.com\/channel\/UCDM3TN2Iyt-CNuN3Gsw_Usw"]}]}},"_links":{"self":[{"href":"https:\/\/taxiaracatuba.com.br\/home\/wp-json\/wp\/v2\/pages\/12","targetHints":{"allow":["GET"]}}],"collection":[{"href":"https:\/\/taxiaracatuba.com.br\/home\/wp-json\/wp\/v2\/pages"}],"about":[{"href":"https:\/\/taxiaracatuba.com.br\/home\/wp-json\/wp\/v2\/types\/page"}],"author":[{"embeddable":true,"href":"https:\/\/taxiaracatuba.com.br\/home\/wp-json\/wp\/v2\/users\/1"}],"replies":[{"embeddable":true,"href":"https:\/\/taxiaracatuba.com.br\/home\/wp-json\/wp\/v2\/comments?post=12"}],"version-history":[{"count":12,"href":"https:\/\/taxiaracatuba.com.br\/home\/wp-json\/wp\/v2\/pages\/12\/revisions"}],"predecessor-version":[{"id":191,"href":"https:\/\/taxiaracatuba.com.br\/home\/wp-json\/wp\/v2\/pages\/12\/revisions\/191"}],"wp:attachment":[{"href":"https:\/\/taxiaracatuba.com.br\/home\/wp-json\/wp\/v2\/media?parent=12"}],"curies":[{"name":"wp","href":"https:\/\/api.w.org\/{rel}","templated":true}]}}