{"id":10,"date":"2018-10-14T01:36:30","date_gmt":"2018-10-14T04:36:30","guid":{"rendered":"https:\/\/taxiaracatuba.com.br\/home\/?page_id=10"},"modified":"2024-07-12T16:38:49","modified_gmt":"2024-07-13T00:38:49","slug":"aventuras","status":"publish","type":"page","link":"https:\/\/taxiaracatuba.com.br\/home\/aventuras\/","title":{"rendered":"Aventuras"},"content":{"rendered":"\t\t<div data-elementor-type=\"wp-post\" data-elementor-id=\"10\" class=\"elementor elementor-10\">\n\t\t\t\t\t\t<section class=\"elementor-section elementor-top-section elementor-element elementor-element-839f135 elementor-section-boxed elementor-section-height-default elementor-section-height-default\" data-id=\"839f135\" data-element_type=\"section\" data-e-type=\"section\">\n\t\t\t\t\t\t<div class=\"elementor-container elementor-column-gap-default\">\n\t\t\t\t\t<div class=\"elementor-column elementor-col-100 elementor-top-column elementor-element elementor-element-808ad29\" data-id=\"808ad29\" data-element_type=\"column\" data-e-type=\"column\">\n\t\t\t<div class=\"elementor-widget-wrap elementor-element-populated\">\n\t\t\t\t\t\t<div class=\"elementor-element elementor-element-96894f4 elementor-invisible elementor-widget elementor-widget-video\" data-id=\"96894f4\" data-element_type=\"widget\" data-e-type=\"widget\" data-settings=\"{&quot;youtube_url&quot;:&quot;https:\\\/\\\/youtu.be\\\/5ahVU8tHrsc&quot;,&quot;_animation&quot;:&quot;fadeIn&quot;,&quot;video_type&quot;:&quot;youtube&quot;,&quot;controls&quot;:&quot;yes&quot;}\" data-widget_type=\"video.default\">\n\t\t\t\t<div class=\"elementor-widget-container\">\n\t\t\t\t\t\t\t<div class=\"elementor-wrapper elementor-open-inline\">\n\t\t\t<div class=\"elementor-video\"><\/div>\t\t<\/div>\n\t\t\t\t\t\t<\/div>\n\t\t\t\t<\/div>\n\t\t\t\t<div class=\"elementor-element elementor-element-4ffff7c elementor-widget elementor-widget-video\" data-id=\"4ffff7c\" data-element_type=\"widget\" data-e-type=\"widget\" data-settings=\"{&quot;youtube_url&quot;:&quot;https:\\\/\\\/youtu.be\\\/FGPHdAt_x6Q&quot;,&quot;video_type&quot;:&quot;youtube&quot;,&quot;controls&quot;:&quot;yes&quot;}\" data-widget_type=\"video.default\">\n\t\t\t\t<div class=\"elementor-widget-container\">\n\t\t\t\t\t\t\t<div class=\"elementor-wrapper elementor-open-inline\">\n\t\t\t<div class=\"elementor-video\"><\/div>\t\t<\/div>\n\t\t\t\t\t\t<\/div>\n\t\t\t\t<\/div>\n\t\t\t\t<div class=\"elementor-element elementor-element-e6383dd elementor-widget elementor-widget-video\" data-id=\"e6383dd\" data-element_type=\"widget\" data-e-type=\"widget\" data-settings=\"{&quot;youtube_url&quot;:&quot;https:\\\/\\\/youtu.be\\\/tQ6pqeW7r04?si=UtHFbnLHV_dAPgep&quot;,&quot;video_type&quot;:&quot;youtube&quot;,&quot;controls&quot;:&quot;yes&quot;}\" data-widget_type=\"video.default\">\n\t\t\t\t<div class=\"elementor-widget-container\">\n\t\t\t\t\t\t\t<div class=\"elementor-wrapper elementor-open-inline\">\n\t\t\t<div class=\"elementor-video\"><\/div>\t\t<\/div>\n\t\t\t\t\t\t<\/div>\n\t\t\t\t<\/div>\n\t\t\t\t\t<\/div>\n\t\t<\/div>\n\t\t\t\t\t<\/div>\n\t\t<\/section>\n\t\t\t\t<section class=\"elementor-section elementor-top-section elementor-element elementor-element-9e74928 elementor-section-boxed elementor-section-height-default elementor-section-height-default\" data-id=\"9e74928\" data-element_type=\"section\" data-e-type=\"section\">\n\t\t\t\t\t\t<div class=\"elementor-container elementor-column-gap-default\">\n\t\t\t\t\t<div class=\"elementor-column elementor-col-33 elementor-top-column elementor-element elementor-element-5cd71ce\" data-id=\"5cd71ce\" data-element_type=\"column\" data-e-type=\"column\" data-settings=\"{&quot;background_background&quot;:&quot;gradient&quot;}\">\n\t\t\t<div class=\"elementor-widget-wrap\">\n\t\t\t\t\t\t\t<\/div>\n\t\t<\/div>\n\t\t\t\t<div class=\"elementor-column elementor-col-33 elementor-top-column elementor-element elementor-element-2874856 animated-slow elementor-invisible\" data-id=\"2874856\" data-element_type=\"column\" data-e-type=\"column\" data-settings=\"{&quot;animation&quot;:&quot;zoomIn&quot;}\">\n\t\t\t<div class=\"elementor-widget-wrap elementor-element-populated\">\n\t\t\t\t\t\t<div class=\"elementor-element elementor-element-4804845 elementor-widget elementor-widget-image\" data-id=\"4804845\" data-element_type=\"widget\" data-e-type=\"widget\" data-widget_type=\"image.default\">\n\t\t\t\t<div class=\"elementor-widget-container\">\n\t\t\t\t\t\t\t\t\t\t\t\t\t\t\t\t<a href=\"https:\/\/goo.gl\/photos\/Q2yF8FrxAxUVEqXt6\">\n\t\t\t\t\t\t\t<img fetchpriority=\"high\" decoding=\"async\" width=\"600\" height=\"450\" src=\"https:\/\/taxiaracatuba.com.br\/home\/wp-content\/uploads\/2018\/10\/004-mergulho-12metros-600x450-14.jpg\" class=\"attachment-large size-large wp-image-176\" alt=\"\" srcset=\"https:\/\/taxiaracatuba.com.br\/home\/wp-content\/uploads\/2018\/10\/004-mergulho-12metros-600x450-14.jpg 600w, https:\/\/taxiaracatuba.com.br\/home\/wp-content\/uploads\/2018\/10\/004-mergulho-12metros-600x450-14-300x225.jpg 300w\" sizes=\"(max-width: 600px) 100vw, 600px\" \/>\t\t\t\t\t\t\t\t<\/a>\n\t\t\t\t\t\t\t\t\t\t\t\t\t\t\t<\/div>\n\t\t\t\t<\/div>\n\t\t\t\t<div class=\"elementor-element elementor-element-8a95761 elementor-widget elementor-widget-heading\" data-id=\"8a95761\" data-element_type=\"widget\" data-e-type=\"widget\" data-widget_type=\"heading.default\">\n\t\t\t\t<div class=\"elementor-widget-container\">\n\t\t\t\t\t<h3 class=\"elementor-heading-title elementor-size-default\">Mergulho sensacional do Claudinei Fazani 12-metros<\/h3>\t\t\t\t<\/div>\n\t\t\t\t<\/div>\n\t\t\t\t<div class=\"elementor-element elementor-element-afbf0cb elementor-widget elementor-widget-text-editor\" data-id=\"afbf0cb\" data-element_type=\"widget\" data-e-type=\"widget\" data-widget_type=\"text-editor.default\">\n\t\t\t\t<div class=\"elementor-widget-container\">\n\t\t\t\t\t\t\t\t\t<p style=\"text-align: center;\">Viva a vida intensamente, podemos sempre superar nossos limites\u00a0<\/p>\t\t\t\t\t\t\t\t<\/div>\n\t\t\t\t<\/div>\n\t\t\t\t\t<\/div>\n\t\t<\/div>\n\t\t\t\t<div class=\"elementor-column elementor-col-33 elementor-top-column elementor-element elementor-element-01dab26\" data-id=\"01dab26\" data-element_type=\"column\" data-e-type=\"column\">\n\t\t\t<div class=\"elementor-widget-wrap\">\n\t\t\t\t\t\t\t<\/div>\n\t\t<\/div>\n\t\t\t\t\t<\/div>\n\t\t<\/section>\n\t\t\t\t<\/div>\n\t\t","protected":false},"excerpt":{"rendered":"<p>https:\/\/youtu.be\/5ahVU8tHrschttps:\/\/youtu.be\/FGPHdAt_x6Qhttps:\/\/youtu.be\/tQ6pqeW7r04?si=UtHFbnLHV_dAPgep Mergulho sensacional do Claudinei Fazani 12-metros Viva a vida intensamente, podemos sempre superar nossos limites\u00a0<\/p>\n","protected":false},"author":1,"featured_media":0,"parent":0,"menu_order":0,"comment_status":"closed","ping_status":"closed","template":"elementor_header_footer","meta":{"footnotes":""},"class_list":["post-10","page","type-page","status-publish"],"yoast_head":"<!-- This site is optimized with the Yoast SEO plugin v27.2 - https:\/\/yoast.com\/product\/yoast-seo-wordpress\/ -->\n<title>Aventuras | T\u00e1xi Ara\u00e7atuba - (18) 99660-4690<\/title>\n<meta name=\"robots\" content=\"index, follow, max-snippet:-1, max-image-preview:large, max-video-preview:-1\" \/>\n<link rel=\"canonical\" href=\"https:\/\/taxiaracatuba.com.br\/home\/aventuras\/\" \/>\n<meta property=\"og:locale\" content=\"pt_BR\" \/>\n<meta property=\"og:type\" content=\"article\" \/>\n<meta property=\"og:title\" content=\"Aventuras | T\u00e1xi Ara\u00e7atuba - (18) 99660-4690\" \/>\n<meta property=\"og:description\" content=\"https:\/\/youtu.be\/5ahVU8tHrschttps:\/\/youtu.be\/FGPHdAt_x6Qhttps:\/\/youtu.be\/tQ6pqeW7r04?si=UtHFbnLHV_dAPgep Mergulho sensacional do Claudinei Fazani 12-metros Viva a vida intensamente, podemos sempre superar nossos limites\u00a0\" \/>\n<meta property=\"og:url\" content=\"https:\/\/taxiaracatuba.com.br\/home\/aventuras\/\" \/>\n<meta property=\"og:site_name\" content=\"T\u00e1xi Ara\u00e7atuba - (18) 99660-4690\" \/>\n<meta property=\"article:publisher\" content=\"https:\/\/www.facebook.com\/taxiaracatuba\/\" \/>\n<meta property=\"article:modified_time\" content=\"2024-07-13T00:38:49+00:00\" \/>\n<meta property=\"og:image\" content=\"https:\/\/taxiaracatuba.com.br\/home\/wp-content\/uploads\/2018\/10\/004-mergulho-12metros-600x450-14.jpg\" \/>\n<meta name=\"twitter:card\" content=\"summary_large_image\" \/>\n<meta name=\"twitter:label1\" content=\"Est. tempo de leitura\" \/>\n\t<meta name=\"twitter:data1\" content=\"1 minuto\" \/>\n<script type=\"application\/ld+json\" class=\"yoast-schema-graph\">{\"@context\":\"https:\/\/schema.org\",\"@graph\":[{\"@type\":\"WebPage\",\"@id\":\"https:\/\/taxiaracatuba.com.br\/home\/aventuras\/\",\"url\":\"https:\/\/taxiaracatuba.com.br\/home\/aventuras\/\",\"name\":\"Aventuras | T\u00e1xi Ara\u00e7atuba - (18) 99660-4690\",\"isPartOf\":{\"@id\":\"https:\/\/taxiaracatuba.com.br\/home\/#website\"},\"primaryImageOfPage\":{\"@id\":\"https:\/\/taxiaracatuba.com.br\/home\/aventuras\/#primaryimage\"},\"image\":{\"@id\":\"https:\/\/taxiaracatuba.com.br\/home\/aventuras\/#primaryimage\"},\"thumbnailUrl\":\"https:\/\/taxiaracatuba.com.br\/home\/wp-content\/uploads\/2018\/10\/004-mergulho-12metros-600x450-14.jpg\",\"datePublished\":\"2018-10-14T04:36:30+00:00\",\"dateModified\":\"2024-07-13T00:38:49+00:00\",\"breadcrumb\":{\"@id\":\"https:\/\/taxiaracatuba.com.br\/home\/aventuras\/#breadcrumb\"},\"inLanguage\":\"pt-BR\",\"potentialAction\":[{\"@type\":\"ReadAction\",\"target\":[\"https:\/\/taxiaracatuba.com.br\/home\/aventuras\/\"]}]},{\"@type\":\"ImageObject\",\"inLanguage\":\"pt-BR\",\"@id\":\"https:\/\/taxiaracatuba.com.br\/home\/aventuras\/#primaryimage\",\"url\":\"https:\/\/taxiaracatuba.com.br\/home\/wp-content\/uploads\/2018\/10\/004-mergulho-12metros-600x450-14.jpg\",\"contentUrl\":\"https:\/\/taxiaracatuba.com.br\/home\/wp-content\/uploads\/2018\/10\/004-mergulho-12metros-600x450-14.jpg\",\"width\":600,\"height\":450},{\"@type\":\"BreadcrumbList\",\"@id\":\"https:\/\/taxiaracatuba.com.br\/home\/aventuras\/#breadcrumb\",\"itemListElement\":[{\"@type\":\"ListItem\",\"position\":1,\"name\":\"In\u00edcio\",\"item\":\"https:\/\/taxiaracatuba.com.br\/home\/\"},{\"@type\":\"ListItem\",\"position\":2,\"name\":\"Aventuras\"}]},{\"@type\":\"WebSite\",\"@id\":\"https:\/\/taxiaracatuba.com.br\/home\/#website\",\"url\":\"https:\/\/taxiaracatuba.com.br\/home\/\",\"name\":\"T\u00e1xi Ara\u00e7atuba | R\u00e1pido e Seguro | Claudinei Fazani\",\"description\":\"T\u00e1xi Claudinei Fazani\",\"publisher\":{\"@id\":\"https:\/\/taxiaracatuba.com.br\/home\/#organization\"},\"potentialAction\":[{\"@type\":\"SearchAction\",\"target\":{\"@type\":\"EntryPoint\",\"urlTemplate\":\"https:\/\/taxiaracatuba.com.br\/home\/?s={search_term_string}\"},\"query-input\":{\"@type\":\"PropertyValueSpecification\",\"valueRequired\":true,\"valueName\":\"search_term_string\"}}],\"inLanguage\":\"pt-BR\"},{\"@type\":\"Organization\",\"@id\":\"https:\/\/taxiaracatuba.com.br\/home\/#organization\",\"name\":\"T\u00e1xi Ara\u00e7atuba\",\"url\":\"https:\/\/taxiaracatuba.com.br\/home\/\",\"logo\":{\"@type\":\"ImageObject\",\"inLanguage\":\"pt-BR\",\"@id\":\"https:\/\/taxiaracatuba.com.br\/home\/#\/schema\/logo\/image\/\",\"url\":\"https:\/\/taxiaracatuba.com.br\/home\/wp-content\/uploads\/2018\/10\/image-1400x784-78.jpg\",\"contentUrl\":\"https:\/\/taxiaracatuba.com.br\/home\/wp-content\/uploads\/2018\/10\/image-1400x784-78.jpg\",\"width\":1400,\"height\":784,\"caption\":\"T\u00e1xi Ara\u00e7atuba\"},\"image\":{\"@id\":\"https:\/\/taxiaracatuba.com.br\/home\/#\/schema\/logo\/image\/\"},\"sameAs\":[\"https:\/\/www.facebook.com\/taxiaracatuba\/\",\"https:\/\/www.youtube.com\/channel\/UCDM3TN2Iyt-CNuN3Gsw_Usw\"]}]}<\/script>\n<!-- \/ Yoast SEO plugin. -->","yoast_head_json":{"title":"Aventuras | T\u00e1xi Ara\u00e7atuba - (18) 99660-4690","robots":{"index":"index","follow":"follow","max-snippet":"max-snippet:-1","max-image-preview":"max-image-preview:large","max-video-preview":"max-video-preview:-1"},"canonical":"https:\/\/taxiaracatuba.com.br\/home\/aventuras\/","og_locale":"pt_BR","og_type":"article","og_title":"Aventuras | T\u00e1xi Ara\u00e7atuba - (18) 99660-4690","og_description":"https:\/\/youtu.be\/5ahVU8tHrschttps:\/\/youtu.be\/FGPHdAt_x6Qhttps:\/\/youtu.be\/tQ6pqeW7r04?si=UtHFbnLHV_dAPgep Mergulho sensacional do Claudinei Fazani 12-metros Viva a vida intensamente, podemos sempre superar nossos limites\u00a0","og_url":"https:\/\/taxiaracatuba.com.br\/home\/aventuras\/","og_site_name":"T\u00e1xi Ara\u00e7atuba - (18) 99660-4690","article_publisher":"https:\/\/www.facebook.com\/taxiaracatuba\/","article_modified_time":"2024-07-13T00:38:49+00:00","og_image":[{"url":"https:\/\/taxiaracatuba.com.br\/home\/wp-content\/uploads\/2018\/10\/004-mergulho-12metros-600x450-14.jpg","type":"","width":"","height":""}],"twitter_card":"summary_large_image","twitter_misc":{"Est. tempo de leitura":"1 minuto"},"schema":{"@context":"https:\/\/schema.org","@graph":[{"@type":"WebPage","@id":"https:\/\/taxiaracatuba.com.br\/home\/aventuras\/","url":"https:\/\/taxiaracatuba.com.br\/home\/aventuras\/","name":"Aventuras | T\u00e1xi Ara\u00e7atuba - (18) 99660-4690","isPartOf":{"@id":"https:\/\/taxiaracatuba.com.br\/home\/#website"},"primaryImageOfPage":{"@id":"https:\/\/taxiaracatuba.com.br\/home\/aventuras\/#primaryimage"},"image":{"@id":"https:\/\/taxiaracatuba.com.br\/home\/aventuras\/#primaryimage"},"thumbnailUrl":"https:\/\/taxiaracatuba.com.br\/home\/wp-content\/uploads\/2018\/10\/004-mergulho-12metros-600x450-14.jpg","datePublished":"2018-10-14T04:36:30+00:00","dateModified":"2024-07-13T00:38:49+00:00","breadcrumb":{"@id":"https:\/\/taxiaracatuba.com.br\/home\/aventuras\/#breadcrumb"},"inLanguage":"pt-BR","potentialAction":[{"@type":"ReadAction","target":["https:\/\/taxiaracatuba.com.br\/home\/aventuras\/"]}]},{"@type":"ImageObject","inLanguage":"pt-BR","@id":"https:\/\/taxiaracatuba.com.br\/home\/aventuras\/#primaryimage","url":"https:\/\/taxiaracatuba.com.br\/home\/wp-content\/uploads\/2018\/10\/004-mergulho-12metros-600x450-14.jpg","contentUrl":"https:\/\/taxiaracatuba.com.br\/home\/wp-content\/uploads\/2018\/10\/004-mergulho-12metros-600x450-14.jpg","width":600,"height":450},{"@type":"BreadcrumbList","@id":"https:\/\/taxiaracatuba.com.br\/home\/aventuras\/#breadcrumb","itemListElement":[{"@type":"ListItem","position":1,"name":"In\u00edcio","item":"https:\/\/taxiaracatuba.com.br\/home\/"},{"@type":"ListItem","position":2,"name":"Aventuras"}]},{"@type":"WebSite","@id":"https:\/\/taxiaracatuba.com.br\/home\/#website","url":"https:\/\/taxiaracatuba.com.br\/home\/","name":"T\u00e1xi Ara\u00e7atuba | R\u00e1pido e Seguro | Claudinei Fazani","description":"T\u00e1xi Claudinei Fazani","publisher":{"@id":"https:\/\/taxiaracatuba.com.br\/home\/#organization"},"potentialAction":[{"@type":"SearchAction","target":{"@type":"EntryPoint","urlTemplate":"https:\/\/taxiaracatuba.com.br\/home\/?s={search_term_string}"},"query-input":{"@type":"PropertyValueSpecification","valueRequired":true,"valueName":"search_term_string"}}],"inLanguage":"pt-BR"},{"@type":"Organization","@id":"https:\/\/taxiaracatuba.com.br\/home\/#organization","name":"T\u00e1xi Ara\u00e7atuba","url":"https:\/\/taxiaracatuba.com.br\/home\/","logo":{"@type":"ImageObject","inLanguage":"pt-BR","@id":"https:\/\/taxiaracatuba.com.br\/home\/#\/schema\/logo\/image\/","url":"https:\/\/taxiaracatuba.com.br\/home\/wp-content\/uploads\/2018\/10\/image-1400x784-78.jpg","contentUrl":"https:\/\/taxiaracatuba.com.br\/home\/wp-content\/uploads\/2018\/10\/image-1400x784-78.jpg","width":1400,"height":784,"caption":"T\u00e1xi Ara\u00e7atuba"},"image":{"@id":"https:\/\/taxiaracatuba.com.br\/home\/#\/schema\/logo\/image\/"},"sameAs":["https:\/\/www.facebook.com\/taxiaracatuba\/","https:\/\/www.youtube.com\/channel\/UCDM3TN2Iyt-CNuN3Gsw_Usw"]}]}},"_links":{"self":[{"href":"https:\/\/taxiaracatuba.com.br\/home\/wp-json\/wp\/v2\/pages\/10","targetHints":{"allow":["GET"]}}],"collection":[{"href":"https:\/\/taxiaracatuba.com.br\/home\/wp-json\/wp\/v2\/pages"}],"about":[{"href":"https:\/\/taxiaracatuba.com.br\/home\/wp-json\/wp\/v2\/types\/page"}],"author":[{"embeddable":true,"href":"https:\/\/taxiaracatuba.com.br\/home\/wp-json\/wp\/v2\/users\/1"}],"replies":[{"embeddable":true,"href":"https:\/\/taxiaracatuba.com.br\/home\/wp-json\/wp\/v2\/comments?post=10"}],"version-history":[{"count":20,"href":"https:\/\/taxiaracatuba.com.br\/home\/wp-json\/wp\/v2\/pages\/10\/revisions"}],"predecessor-version":[{"id":434,"href":"https:\/\/taxiaracatuba.com.br\/home\/wp-json\/wp\/v2\/pages\/10\/revisions\/434"}],"wp:attachment":[{"href":"https:\/\/taxiaracatuba.com.br\/home\/wp-json\/wp\/v2\/media?parent=10"}],"curies":[{"name":"wp","href":"https:\/\/api.w.org\/{rel}","templated":true}]}}